{"id":824,"date":"2025-04-22T14:08:35","date_gmt":"2025-04-22T12:08:35","guid":{"rendered":"https:\/\/laurie-tetaert.fr\/?page_id=824"},"modified":"2025-04-22T14:25:18","modified_gmt":"2025-04-22T12:25:18","slug":"mentions-legales","status":"publish","type":"page","link":"https:\/\/laurie-tetaert.fr\/index.php\/mentions-legales\/","title":{"rendered":"Mentions l\u00e9gales"},"content":{"rendered":"\t\t<div data-elementor-type=\"wp-page\" data-elementor-id=\"824\" class=\"elementor elementor-824\">\n\t\t\t\t<div class=\"elementor-element elementor-element-27cdb00 e-flex e-con-boxed e-con e-parent\" data-id=\"27cdb00\" data-element_type=\"container\" data-e-type=\"container\" data-settings=\"{&quot;background_background&quot;:&quot;classic&quot;}\">\n\t\t\t\t\t<div class=\"e-con-inner\">\n\t\t\t\t<div class=\"elementor-element elementor-element-7c235ea elementor-widget elementor-widget-heading\" data-id=\"7c235ea\" data-element_type=\"widget\" data-e-type=\"widget\" data-widget_type=\"heading.default\">\n\t\t\t\t<div class=\"elementor-widget-container\">\n\t\t\t\t\t<h1 class=\"elementor-heading-title elementor-size-default\">Mentions l\u00e9gales<\/h1>\t\t\t\t<\/div>\n\t\t\t\t<\/div>\n\t\t\t\t\t<\/div>\n\t\t\t\t<\/div>\n\t\t<div class=\"elementor-element elementor-element-eb6e856 e-flex e-con-boxed e-con e-parent\" data-id=\"eb6e856\" data-element_type=\"container\" data-e-type=\"container\" data-settings=\"{&quot;background_background&quot;:&quot;classic&quot;}\">\n\t\t\t\t\t<div class=\"e-con-inner\">\n\t\t\t\t<div class=\"elementor-element elementor-element-019685d elementor-widget elementor-widget-text-editor\" data-id=\"019685d\" data-element_type=\"widget\" data-e-type=\"widget\" data-widget_type=\"text-editor.default\">\n\t\t\t\t<div class=\"elementor-widget-container\">\n\t\t\t\t\t\t\t\t\t<p class=\"\" data-start=\"128\" data-end=\"376\"><strong data-start=\"128\" data-end=\"376\">Conform\u00e9ment aux dispositions des articles 6-III et 19 de la Loi n\u00b02004-575 du 21 juin 2004 pour la Confiance dans l\u2019\u00e9conomie num\u00e9rique (LCEN), il est port\u00e9 \u00e0 la connaissance des utilisateurs et visiteurs du site les pr\u00e9sentes mentions l\u00e9gales.<\/strong><\/p><hr class=\"\" data-start=\"378\" data-end=\"381\" \/><h4 data-start=\"383\" data-end=\"410\">\u00a0<\/h4><h4 class=\"\" data-start=\"383\" data-end=\"410\"><strong data-start=\"388\" data-end=\"410\">1. \u00c9diteur du site<\/strong><\/h4><p class=\"\" data-start=\"412\" data-end=\"762\">Nom : Laurie Tetaert<br data-start=\"632\" data-end=\"635\" \/>E-mail : Laurie.tetaert.lt@gmail.com<br data-start=\"716\" data-end=\"719\" \/>Responsable de la publication : Tetaert Laurie<\/p><p data-start=\"412\" data-end=\"762\">\u00a0<\/p><hr class=\"\" data-start=\"764\" data-end=\"767\" \/><h4 data-start=\"769\" data-end=\"792\">\u00a0<\/h4><h4 class=\"\" data-start=\"769\" data-end=\"792\"><strong data-start=\"774\" data-end=\"792\">2. H\u00e9bergement<\/strong><\/h4><p class=\"\" data-start=\"794\" data-end=\"1008\">Le site est h\u00e9berg\u00e9 par :<br data-start=\"819\" data-end=\"822\" \/><strong data-start=\"822\" data-end=\"833\">OVH\u00a0<\/strong><br data-start=\"833\" data-end=\"836\" \/>Si\u00e8ge social : 2 rue Kellermann, 59100 Roubaix, France<br data-start=\"890\" data-end=\"893\" \/>Site : <a class=\"\" href=\"https:\/\/www.ovh.com\/\" target=\"_new\" rel=\"noopener\" data-start=\"900\" data-end=\"942\">https:\/\/www.ovh.com<\/a><br data-start=\"942\" data-end=\"945\" \/>T\u00e9l\u00e9phone : 1007 (appel gratuit depuis un poste fixe en France)<\/p><hr class=\"\" data-start=\"1010\" data-end=\"1013\" \/><h4 data-start=\"1015\" data-end=\"1051\">\u00a0<\/h4><h4 class=\"\" data-start=\"1015\" data-end=\"1051\"><strong data-start=\"1020\" data-end=\"1051\">3. Propri\u00e9t\u00e9 intellectuelle<\/strong><\/h4><p class=\"\" data-start=\"1053\" data-end=\"1378\">L&rsquo;ensemble des \u00e9l\u00e9ments du site (textes, images, graphismes, logo, ic\u00f4nes, etc.) sont la propri\u00e9t\u00e9 exclusive de Laurie Tetaert sauf mention contraire.<br data-start=\"1200\" data-end=\"1203\" \/>Toute reproduction, distribution, modification, adaptation, retransmission ou publication, m\u00eame partielle, est strictement interdite sans l&rsquo;accord \u00e9crit pr\u00e9alable de l\u2019auteur.<\/p><hr class=\"\" data-start=\"1380\" data-end=\"1383\" \/><h4 data-start=\"1385\" data-end=\"1417\">\u00a0<\/h4><h4 class=\"\" data-start=\"1385\" data-end=\"1417\"><strong data-start=\"1390\" data-end=\"1417\">4. Donn\u00e9es personnelles<\/strong><\/h4><p class=\"\" data-start=\"1419\" data-end=\"1857\">Les donn\u00e9es personnelles collect\u00e9es (via formulaire de contact, newsletter, etc.) sont utilis\u00e9es uniquement \u00e0 des fins de communication directe avec les visiteurs ou clients.<br data-start=\"1593\" data-end=\"1596\" \/>Conform\u00e9ment au R\u00e8glement G\u00e9n\u00e9ral sur la Protection des Donn\u00e9es (RGPD), vous disposez d\u2019un droit d\u2019acc\u00e8s, de rectification, de suppression et d\u2019opposition concernant vos donn\u00e9es personnelles.<br data-start=\"1787\" data-end=\"1790\" \/>Pour exercer ce droit, envoyez un e-mail \u00e0 : [Votre adresse e-mail]<\/p><hr class=\"\" data-start=\"1859\" data-end=\"1862\" \/><h4 data-start=\"1864\" data-end=\"1883\">\u00a0<\/h4><h4 class=\"\" data-start=\"1864\" data-end=\"1883\"><strong data-start=\"1869\" data-end=\"1883\">5<\/strong><strong data-start=\"1869\" data-end=\"1883\">. Cookies<\/strong><\/h4><p class=\"\" data-start=\"1885\" data-end=\"2125\">Le site peut utiliser des cookies pour am\u00e9liorer l&rsquo;exp\u00e9rience utilisateur.<br data-start=\"1959\" data-end=\"1962\" \/>L&rsquo;utilisateur peut refuser l&rsquo;enregistrement de cookies via les param\u00e8tres de son navigateur ou en modifiant ses pr\u00e9f\u00e9rences lors de sa premi\u00e8re visite sur le site.<\/p><hr class=\"\" data-start=\"2127\" data-end=\"2130\" \/><h4 data-start=\"2132\" data-end=\"2158\">\u00a0<\/h4><h4 class=\"\" data-start=\"2132\" data-end=\"2158\"><strong data-start=\"2137\" data-end=\"2158\">6. Responsabilit\u00e9<\/strong><\/h4><p class=\"\" data-start=\"2160\" data-end=\"2376\">Le contenu pr\u00e9sent\u00e9 sur ce site est fourni \u00e0 titre informatif. [Votre nom] ne pourra \u00eatre tenu responsable des erreurs, omissions ou des r\u00e9sultats qui pourraient \u00eatre obtenus par un mauvais usage de ces informations.<\/p><hr class=\"\" data-start=\"2378\" data-end=\"2381\" \/><h4 data-start=\"2383\" data-end=\"2411\">\u00a0<\/h4><h4 class=\"\" data-start=\"2383\" data-end=\"2411\"><strong data-start=\"2388\" data-end=\"2411\">7. Droit applicable<\/strong><\/h4><p class=\"\" data-start=\"2413\" data-end=\"2544\">Les pr\u00e9sentes mentions l\u00e9gales sont r\u00e9gies par le droit fran\u00e7ais. En cas de litige, les tribunaux fran\u00e7ais seront seuls comp\u00e9tents.<\/p><p data-start=\"2413\" data-end=\"2544\">\u00a0<\/p>\t\t\t\t\t\t\t\t<\/div>\n\t\t\t\t<\/div>\n\t\t\t\t\t<\/div>\n\t\t\t\t<\/div>\n\t\t\t\t<\/div>\n\t\t","protected":false},"excerpt":{"rendered":"<p>Mentions l\u00e9gales Conform\u00e9ment aux dispositions des articles 6-III et 19 de la Loi n\u00b02004-575 du 21 juin 2004 pour la Confiance dans l\u2019\u00e9conomie num\u00e9rique (LCEN), il est port\u00e9 \u00e0 la connaissance des utilisateurs et visiteurs du site les pr\u00e9sentes mentions l\u00e9gales. \u00a0 1. \u00c9diteur du site Nom : Laurie TetaertE-mail : Laurie.tetaert.lt@gmail.comResponsable de la publication [&hellip;]<\/p>\n","protected":false},"author":2,"featured_media":0,"parent":0,"menu_order":0,"comment_status":"closed","ping_status":"closed","template":"","meta":{"footnotes":""},"class_list":["post-824","page","type-page","status-publish","hentry"],"yoast_head":"<!-- This site is optimized with the Yoast SEO plugin v27.5 - https:\/\/yoast.com\/product\/yoast-seo-wordpress\/ -->\n<title>Mentions l\u00e9gales - Laurie Tetaert<\/title>\n<meta name=\"robots\" content=\"index, follow, max-snippet:-1, max-image-preview:large, max-video-preview:-1\" \/>\n<link rel=\"canonical\" href=\"https:\/\/laurie-tetaert.fr\/index.php\/mentions-legales\/\" \/>\n<meta property=\"og:locale\" content=\"fr_FR\" \/>\n<meta property=\"og:type\" content=\"article\" \/>\n<meta property=\"og:title\" content=\"Mentions l\u00e9gales - Laurie Tetaert\" \/>\n<meta property=\"og:description\" content=\"Mentions l\u00e9gales Conform\u00e9ment aux dispositions des articles 6-III et 19 de la Loi n\u00b02004-575 du 21 juin 2004 pour la Confiance dans l\u2019\u00e9conomie num\u00e9rique (LCEN), il est port\u00e9 \u00e0 la connaissance des utilisateurs et visiteurs du site les pr\u00e9sentes mentions l\u00e9gales. \u00a0 1. \u00c9diteur du site Nom : Laurie TetaertE-mail : Laurie.tetaert.lt@gmail.comResponsable de la publication [&hellip;]\" \/>\n<meta property=\"og:url\" content=\"https:\/\/laurie-tetaert.fr\/index.php\/mentions-legales\/\" \/>\n<meta property=\"og:site_name\" content=\"Laurie Tetaert\" \/>\n<meta property=\"article:modified_time\" content=\"2025-04-22T12:25:18+00:00\" \/>\n<meta name=\"twitter:card\" content=\"summary_large_image\" \/>\n<meta name=\"twitter:label1\" content=\"Dur\u00e9e de lecture estim\u00e9e\" \/>\n\t<meta name=\"twitter:data1\" content=\"2 minutes\" \/>\n<script type=\"application\/ld+json\" class=\"yoast-schema-graph\">{\"@context\":\"https:\\\/\\\/schema.org\",\"@graph\":[{\"@type\":\"WebPage\",\"@id\":\"https:\\\/\\\/laurie-tetaert.fr\\\/index.php\\\/mentions-legales\\\/\",\"url\":\"https:\\\/\\\/laurie-tetaert.fr\\\/index.php\\\/mentions-legales\\\/\",\"name\":\"Mentions l\u00e9gales - Laurie Tetaert\",\"isPartOf\":{\"@id\":\"https:\\\/\\\/laurie-tetaert.fr\\\/#website\"},\"datePublished\":\"2025-04-22T12:08:35+00:00\",\"dateModified\":\"2025-04-22T12:25:18+00:00\",\"breadcrumb\":{\"@id\":\"https:\\\/\\\/laurie-tetaert.fr\\\/index.php\\\/mentions-legales\\\/#breadcrumb\"},\"inLanguage\":\"fr-FR\",\"potentialAction\":[{\"@type\":\"ReadAction\",\"target\":[\"https:\\\/\\\/laurie-tetaert.fr\\\/index.php\\\/mentions-legales\\\/\"]}]},{\"@type\":\"BreadcrumbList\",\"@id\":\"https:\\\/\\\/laurie-tetaert.fr\\\/index.php\\\/mentions-legales\\\/#breadcrumb\",\"itemListElement\":[{\"@type\":\"ListItem\",\"position\":1,\"name\":\"Accueil\",\"item\":\"https:\\\/\\\/laurie-tetaert.fr\\\/\"},{\"@type\":\"ListItem\",\"position\":2,\"name\":\"Mentions l\u00e9gales\"}]},{\"@type\":\"WebSite\",\"@id\":\"https:\\\/\\\/laurie-tetaert.fr\\\/#website\",\"url\":\"https:\\\/\\\/laurie-tetaert.fr\\\/\",\"name\":\"Laurie Tetaert\",\"description\":\"Un site utilisant WordPress\",\"potentialAction\":[{\"@type\":\"SearchAction\",\"target\":{\"@type\":\"EntryPoint\",\"urlTemplate\":\"https:\\\/\\\/laurie-tetaert.fr\\\/?s={search_term_string}\"},\"query-input\":{\"@type\":\"PropertyValueSpecification\",\"valueRequired\":true,\"valueName\":\"search_term_string\"}}],\"inLanguage\":\"fr-FR\"}]}<\/script>\n<!-- \/ Yoast SEO plugin. -->","yoast_head_json":{"title":"Mentions l\u00e9gales - Laurie Tetaert","robots":{"index":"index","follow":"follow","max-snippet":"max-snippet:-1","max-image-preview":"max-image-preview:large","max-video-preview":"max-video-preview:-1"},"canonical":"https:\/\/laurie-tetaert.fr\/index.php\/mentions-legales\/","og_locale":"fr_FR","og_type":"article","og_title":"Mentions l\u00e9gales - Laurie Tetaert","og_description":"Mentions l\u00e9gales Conform\u00e9ment aux dispositions des articles 6-III et 19 de la Loi n\u00b02004-575 du 21 juin 2004 pour la Confiance dans l\u2019\u00e9conomie num\u00e9rique (LCEN), il est port\u00e9 \u00e0 la connaissance des utilisateurs et visiteurs du site les pr\u00e9sentes mentions l\u00e9gales. \u00a0 1. \u00c9diteur du site Nom : Laurie TetaertE-mail : Laurie.tetaert.lt@gmail.comResponsable de la publication [&hellip;]","og_url":"https:\/\/laurie-tetaert.fr\/index.php\/mentions-legales\/","og_site_name":"Laurie Tetaert","article_modified_time":"2025-04-22T12:25:18+00:00","twitter_card":"summary_large_image","twitter_misc":{"Dur\u00e9e de lecture estim\u00e9e":"2 minutes"},"schema":{"@context":"https:\/\/schema.org","@graph":[{"@type":"WebPage","@id":"https:\/\/laurie-tetaert.fr\/index.php\/mentions-legales\/","url":"https:\/\/laurie-tetaert.fr\/index.php\/mentions-legales\/","name":"Mentions l\u00e9gales - Laurie Tetaert","isPartOf":{"@id":"https:\/\/laurie-tetaert.fr\/#website"},"datePublished":"2025-04-22T12:08:35+00:00","dateModified":"2025-04-22T12:25:18+00:00","breadcrumb":{"@id":"https:\/\/laurie-tetaert.fr\/index.php\/mentions-legales\/#breadcrumb"},"inLanguage":"fr-FR","potentialAction":[{"@type":"ReadAction","target":["https:\/\/laurie-tetaert.fr\/index.php\/mentions-legales\/"]}]},{"@type":"BreadcrumbList","@id":"https:\/\/laurie-tetaert.fr\/index.php\/mentions-legales\/#breadcrumb","itemListElement":[{"@type":"ListItem","position":1,"name":"Accueil","item":"https:\/\/laurie-tetaert.fr\/"},{"@type":"ListItem","position":2,"name":"Mentions l\u00e9gales"}]},{"@type":"WebSite","@id":"https:\/\/laurie-tetaert.fr\/#website","url":"https:\/\/laurie-tetaert.fr\/","name":"Laurie Tetaert","description":"Un site utilisant WordPress","potentialAction":[{"@type":"SearchAction","target":{"@type":"EntryPoint","urlTemplate":"https:\/\/laurie-tetaert.fr\/?s={search_term_string}"},"query-input":{"@type":"PropertyValueSpecification","valueRequired":true,"valueName":"search_term_string"}}],"inLanguage":"fr-FR"}]}},"_links":{"self":[{"href":"https:\/\/laurie-tetaert.fr\/index.php\/wp-json\/wp\/v2\/pages\/824","targetHints":{"allow":["GET"]}}],"collection":[{"href":"https:\/\/laurie-tetaert.fr\/index.php\/wp-json\/wp\/v2\/pages"}],"about":[{"href":"https:\/\/laurie-tetaert.fr\/index.php\/wp-json\/wp\/v2\/types\/page"}],"author":[{"embeddable":true,"href":"https:\/\/laurie-tetaert.fr\/index.php\/wp-json\/wp\/v2\/users\/2"}],"replies":[{"embeddable":true,"href":"https:\/\/laurie-tetaert.fr\/index.php\/wp-json\/wp\/v2\/comments?post=824"}],"version-history":[{"count":7,"href":"https:\/\/laurie-tetaert.fr\/index.php\/wp-json\/wp\/v2\/pages\/824\/revisions"}],"predecessor-version":[{"id":839,"href":"https:\/\/laurie-tetaert.fr\/index.php\/wp-json\/wp\/v2\/pages\/824\/revisions\/839"}],"wp:attachment":[{"href":"https:\/\/laurie-tetaert.fr\/index.php\/wp-json\/wp\/v2\/media?parent=824"}],"curies":[{"name":"wp","href":"https:\/\/api.w.org\/{rel}","templated":true}]}}