{"id":266,"date":"2025-03-17T15:38:45","date_gmt":"2025-03-17T14:38:45","guid":{"rendered":"https:\/\/laurie-tetaert.fr\/?page_id=266"},"modified":"2025-04-22T16:04:44","modified_gmt":"2025-04-22T14:04:44","slug":"contact","status":"publish","type":"page","link":"https:\/\/laurie-tetaert.fr\/index.php\/contact\/","title":{"rendered":"Contact"},"content":{"rendered":"\t\t<div data-elementor-type=\"wp-page\" data-elementor-id=\"266\" class=\"elementor elementor-266\">\n\t\t\t\t<div class=\"elementor-element elementor-element-7ed7d0b e-flex e-con-boxed e-con e-parent\" data-id=\"7ed7d0b\" data-element_type=\"container\" data-e-type=\"container\" data-settings=\"{&quot;background_background&quot;:&quot;classic&quot;}\">\n\t\t\t\t\t<div class=\"e-con-inner\">\n\t\t\t\t<div class=\"elementor-element elementor-element-2a625d1 elementor-widget elementor-widget-heading\" data-id=\"2a625d1\" data-element_type=\"widget\" data-e-type=\"widget\" data-widget_type=\"heading.default\">\n\t\t\t\t<div class=\"elementor-widget-container\">\n\t\t\t\t\t<h2 class=\"elementor-heading-title elementor-size-default\">CONTACT<\/h2>\t\t\t\t<\/div>\n\t\t\t\t<\/div>\n\t\t\t\t\t<\/div>\n\t\t\t\t<\/div>\n\t\t<div class=\"elementor-element elementor-element-395493a e-con-full e-flex e-con e-parent\" data-id=\"395493a\" data-element_type=\"container\" data-e-type=\"container\" data-settings=\"{&quot;background_background&quot;:&quot;classic&quot;}\">\n\t\t<div class=\"elementor-element elementor-element-57f41e2 e-con-full e-flex e-con e-child\" data-id=\"57f41e2\" data-element_type=\"container\" data-e-type=\"container\" data-settings=\"{&quot;background_background&quot;:&quot;classic&quot;}\">\n\t\t<div class=\"elementor-element elementor-element-0e8e081 e-con-full e-flex e-con e-child\" data-id=\"0e8e081\" data-element_type=\"container\" data-e-type=\"container\">\n\t\t\t\t<div class=\"elementor-element elementor-element-dc98a69 elementor-widget elementor-widget-text-editor\" data-id=\"dc98a69\" data-element_type=\"widget\" data-e-type=\"widget\" data-widget_type=\"text-editor.default\">\n\t\t\t\t<div class=\"elementor-widget-container\">\n\t\t\t\t\t\t\t\t\t<p class=\"\" data-start=\"146\" data-end=\"363\">Vous \u00eates \u00e0 la recherche d\u2019une <strong data-start=\"177\" data-end=\"208\">alternante en communication<\/strong> ? Passionn\u00e9e, curieuse et motiv\u00e9e, je suis disponible pour int\u00e9grer une \u00e9quipe dynamique et contribuer \u00e0 vos projets avec cr\u00e9ativit\u00e9 et professionnalisme.<\/p><p class=\"\" data-start=\"365\" data-end=\"578\">Je suis actuellement en recherche d\u2019une <strong data-start=\"405\" data-end=\"419\">alternance<\/strong> dans le domaine de la <strong data-start=\"442\" data-end=\"459\">communication<\/strong>, d\u00e8s Septembre 2025, pour allier apprentissage concret et implication sur le terrain.<\/p><p class=\"\" data-start=\"580\" data-end=\"724\">Un projet \u00e0 me confier ? Une question ? N\u2019h\u00e9sitez pas \u00e0 <strong data-start=\"636\" data-end=\"652\">me contacter<\/strong>, je serai ravie d\u2019\u00e9changer avec vous !<\/p>\t\t\t\t\t\t\t\t<\/div>\n\t\t\t\t<\/div>\n\t\t\t\t<\/div>\n\t\t<div class=\"elementor-element elementor-element-08e5488 e-grid e-con-full e-con e-child\" data-id=\"08e5488\" data-element_type=\"container\" data-e-type=\"container\">\n\t\t\t\t<div class=\"elementor-element elementor-element-621d7d8 elementor-view-default elementor-widget elementor-widget-icon\" data-id=\"621d7d8\" data-element_type=\"widget\" data-e-type=\"widget\" data-widget_type=\"icon.default\">\n\t\t\t\t<div class=\"elementor-widget-container\">\n\t\t\t\t\t\t\t<div class=\"elementor-icon-wrapper\">\n\t\t\t<div class=\"elementor-icon\">\n\t\t\t<svg aria-hidden=\"true\" class=\"e-font-icon-svg e-far-envelope\" viewBox=\"0 0 512 512\" xmlns=\"http:\/\/www.w3.org\/2000\/svg\"><path d=\"M464 64H48C21.49 64 0 85.49 0 112v288c0 26.51 21.49 48 48 48h416c26.51 0 48-21.49 48-48V112c0-26.51-21.49-48-48-48zm0 48v40.805c-22.422 18.259-58.168 46.651-134.587 106.49-16.841 13.247-50.201 45.072-73.413 44.701-23.208.375-56.579-31.459-73.413-44.701C106.18 199.465 70.425 171.067 48 152.805V112h416zM48 400V214.398c22.914 18.251 55.409 43.862 104.938 82.646 21.857 17.205 60.134 55.186 103.062 54.955 42.717.231 80.509-37.199 103.053-54.947 49.528-38.783 82.032-64.401 104.947-82.653V400H48z\"><\/path><\/svg>\t\t\t<\/div>\n\t\t<\/div>\n\t\t\t\t\t\t<\/div>\n\t\t\t\t<\/div>\n\t\t\t\t<div class=\"elementor-element elementor-element-4342cdc elementor-view-default elementor-widget elementor-widget-icon\" data-id=\"4342cdc\" data-element_type=\"widget\" data-e-type=\"widget\" data-widget_type=\"icon.default\">\n\t\t\t\t<div class=\"elementor-widget-container\">\n\t\t\t\t\t\t\t<div class=\"elementor-icon-wrapper\">\n\t\t\t<div class=\"elementor-icon\">\n\t\t\t<svg aria-hidden=\"true\" class=\"e-font-icon-svg e-fas-phone-alt\" viewBox=\"0 0 512 512\" xmlns=\"http:\/\/www.w3.org\/2000\/svg\"><path d=\"M497.39 361.8l-112-48a24 24 0 0 0-28 6.9l-49.6 60.6A370.66 370.66 0 0 1 130.6 204.11l60.6-49.6a23.94 23.94 0 0 0 6.9-28l-48-112A24.16 24.16 0 0 0 122.6.61l-104 24A24 24 0 0 0 0 48c0 256.5 207.9 464 464 464a24 24 0 0 0 23.4-18.6l24-104a24.29 24.29 0 0 0-14.01-27.6z\"><\/path><\/svg>\t\t\t<\/div>\n\t\t<\/div>\n\t\t\t\t\t\t<\/div>\n\t\t\t\t<\/div>\n\t\t\t\t<div class=\"elementor-element elementor-element-c015599 elementor-widget elementor-widget-text-editor\" data-id=\"c015599\" data-element_type=\"widget\" data-e-type=\"widget\" data-widget_type=\"text-editor.default\">\n\t\t\t\t<div class=\"elementor-widget-container\">\n\t\t\t\t\t\t\t\t\t<p><strong>laurie.tetaert.lt@gmail.com<\/strong><\/p>\t\t\t\t\t\t\t\t<\/div>\n\t\t\t\t<\/div>\n\t\t\t\t<div class=\"elementor-element elementor-element-e7d9fa9 elementor-widget elementor-widget-text-editor\" data-id=\"e7d9fa9\" data-element_type=\"widget\" data-e-type=\"widget\" data-widget_type=\"text-editor.default\">\n\t\t\t\t<div class=\"elementor-widget-container\">\n\t\t\t\t\t\t\t\t\t<p><strong>06 64 33 66 06<\/strong><\/p>\t\t\t\t\t\t\t\t<\/div>\n\t\t\t\t<\/div>\n\t\t\t\t<\/div>\n\t\t\t\t<\/div>\n\t\t<div class=\"elementor-element elementor-element-e3f9e5d e-con-full e-flex e-con e-child\" data-id=\"e3f9e5d\" data-element_type=\"container\" data-e-type=\"container\" data-settings=\"{&quot;background_background&quot;:&quot;classic&quot;}\">\n\t\t\t\t<div class=\"elementor-element elementor-element-b3908e3 elementor-widget elementor-widget-wpforms\" data-id=\"b3908e3\" data-element_type=\"widget\" data-e-type=\"widget\" data-widget_type=\"wpforms.default\">\n\t\t\t\t<div class=\"elementor-widget-container\">\n\t\t\t\t\t<div class=\"wpforms-container wpforms-container-full wpforms-render-modern\" id=\"wpforms-330\"><form id=\"wpforms-form-330\" class=\"wpforms-validate wpforms-form wpforms-ajax-form\" data-formid=\"330\" method=\"post\" enctype=\"multipart\/form-data\" action=\"\/index.php\/wp-json\/wp\/v2\/pages\/266\" data-token=\"2709483050374cecd84225310266119b\" data-token-time=\"1778068256\"><noscript class=\"wpforms-error-noscript\">Veuillez activer JavaScript dans votre navigateur pour remplir ce formulaire.<\/noscript><div id=\"wpforms-error-noscript\" style=\"display: none;\">Veuillez activer JavaScript dans votre navigateur pour remplir ce formulaire.<\/div><div class=\"wpforms-field-container\">\t\t<div id=\"wpforms-330-field_4-container\"\n\t\t\tclass=\"wpforms-field wpforms-field-text\"\n\t\t\tdata-field-type=\"text\"\n\t\t\tdata-field-id=\"4\"\n\t\t\t>\n\t\t\t<label class=\"wpforms-field-label\" for=\"wpforms-330-field_4\" >message Commentaire ou<\/label>\n\t\t\t<input type=\"text\" id=\"wpforms-330-field_4\" class=\"wpforms-field-medium\" name=\"wpforms[fields][4]\" >\n\t\t<\/div>\n\t\t<div id=\"wpforms-330-field_1-container\" class=\"wpforms-field wpforms-field-name\" data-field-id=\"1\"><fieldset><legend class=\"wpforms-field-label\">Nom <span class=\"wpforms-required-label\" aria-hidden=\"true\">*<\/span><\/legend><div class=\"wpforms-field-row wpforms-field-medium\"><div class=\"wpforms-field-row-block wpforms-first wpforms-one-half\"><input type=\"text\" id=\"wpforms-330-field_1\" class=\"wpforms-field-name-first wpforms-field-required\" name=\"wpforms[fields][1][first]\" aria-errormessage=\"wpforms-330-field_1-error\" required><label for=\"wpforms-330-field_1\" class=\"wpforms-field-sublabel after\">Pr\u00e9nom<\/label><\/div><div class=\"wpforms-field-row-block wpforms-one-half\"><input type=\"text\" id=\"wpforms-330-field_1-last\" class=\"wpforms-field-name-last wpforms-field-required\" name=\"wpforms[fields][1][last]\" aria-errormessage=\"wpforms-330-field_1-last-error\" required><label for=\"wpforms-330-field_1-last\" class=\"wpforms-field-sublabel after\">Nom<\/label><\/div><\/div><\/fieldset><\/div><div id=\"wpforms-330-field_2-container\" class=\"wpforms-field wpforms-field-email\" data-field-id=\"2\"><label class=\"wpforms-field-label\" for=\"wpforms-330-field_2\">E-mail <span class=\"wpforms-required-label\" aria-hidden=\"true\">*<\/span><\/label><input type=\"email\" id=\"wpforms-330-field_2\" class=\"wpforms-field-medium wpforms-field-required\" name=\"wpforms[fields][2]\" spellcheck=\"false\" aria-errormessage=\"wpforms-330-field_2-error\" required><\/div><div id=\"wpforms-330-field_3-container\" class=\"wpforms-field wpforms-field-textarea\" data-field-id=\"3\"><label class=\"wpforms-field-label\" for=\"wpforms-330-field_3\">Commentaire ou message<\/label><textarea id=\"wpforms-330-field_3\" class=\"wpforms-field-medium\" name=\"wpforms[fields][3]\" aria-errormessage=\"wpforms-330-field_3-error\" ><\/textarea><\/div><script>\n\t\t\t\t( function() {\n\t\t\t\t\tconst style = document.createElement( 'style' );\n\t\t\t\t\tstyle.appendChild( document.createTextNode( '#wpforms-330-field_4-container { position: absolute !important; overflow: hidden !important; display: inline !important; height: 1px !important; width: 1px !important; z-index: -1000 !important; padding: 0 !important; } #wpforms-330-field_4-container input { visibility: hidden; } #wpforms-conversational-form-page #wpforms-330-field_4-container label { counter-increment: none; }' ) );\n\t\t\t\t\tdocument.head.appendChild( style );\n\t\t\t\t\tdocument.currentScript?.remove();\n\t\t\t\t} )();\n\t\t\t<\/script><\/div><!-- .wpforms-field-container --><div class=\"wpforms-submit-container\" ><input type=\"hidden\" name=\"wpforms[id]\" value=\"330\"><input type=\"hidden\" name=\"page_title\" value=\"\"><input type=\"hidden\" name=\"page_url\" value=\"https:\/\/laurie-tetaert.fr\/index.php\/wp-json\/wp\/v2\/pages\/266\"><input type=\"hidden\" name=\"url_referer\" value=\"\"><button type=\"submit\" name=\"wpforms[submit]\" id=\"wpforms-submit-330\" class=\"wpforms-submit\" data-alt-text=\"Envoi...\" data-submit-text=\"Envoyer\" aria-live=\"assertive\" value=\"wpforms-submit\">Envoyer<\/button><img decoding=\"async\" src=\"https:\/\/laurie-tetaert.fr\/wp-content\/plugins\/wpforms-lite\/assets\/images\/submit-spin.svg\" class=\"wpforms-submit-spinner\" style=\"display: none;\" width=\"26\" height=\"26\" alt=\"Chargement en cours\"><\/div><\/form><\/div>  <!-- .wpforms-container -->\t\t\t\t<\/div>\n\t\t\t\t<\/div>\n\t\t\t\t<\/div>\n\t\t\t\t<\/div>\n\t\t\t\t<\/div>\n\t\t","protected":false},"excerpt":{"rendered":"<p>CONTACT Vous \u00eates \u00e0 la recherche d\u2019une alternante en communication ? Passionn\u00e9e, curieuse et motiv\u00e9e, je suis disponible pour int\u00e9grer une \u00e9quipe dynamique et contribuer \u00e0 vos projets avec cr\u00e9ativit\u00e9 et professionnalisme. Je suis actuellement en recherche d\u2019une alternance dans le domaine de la communication, d\u00e8s Septembre 2025, pour allier apprentissage concret et implication sur [&hellip;]<\/p>\n","protected":false},"author":2,"featured_media":0,"parent":0,"menu_order":0,"comment_status":"closed","ping_status":"closed","template":"","meta":{"footnotes":""},"class_list":["post-266","page","type-page","status-publish","hentry"],"yoast_head":"<!-- This site is optimized with the Yoast SEO plugin v27.5 - https:\/\/yoast.com\/product\/yoast-seo-wordpress\/ -->\n<title>Contact - Laurie Tetaert<\/title>\n<meta name=\"robots\" content=\"index, follow, max-snippet:-1, max-image-preview:large, max-video-preview:-1\" \/>\n<link rel=\"canonical\" href=\"https:\/\/laurie-tetaert.fr\/index.php\/contact\/\" \/>\n<meta property=\"og:locale\" content=\"fr_FR\" \/>\n<meta property=\"og:type\" content=\"article\" \/>\n<meta property=\"og:title\" content=\"Contact - Laurie Tetaert\" \/>\n<meta property=\"og:description\" content=\"CONTACT Vous \u00eates \u00e0 la recherche d\u2019une alternante en communication ? Passionn\u00e9e, curieuse et motiv\u00e9e, je suis disponible pour int\u00e9grer une \u00e9quipe dynamique et contribuer \u00e0 vos projets avec cr\u00e9ativit\u00e9 et professionnalisme. Je suis actuellement en recherche d\u2019une alternance dans le domaine de la communication, d\u00e8s Septembre 2025, pour allier apprentissage concret et implication sur [&hellip;]\" \/>\n<meta property=\"og:url\" content=\"https:\/\/laurie-tetaert.fr\/index.php\/contact\/\" \/>\n<meta property=\"og:site_name\" content=\"Laurie Tetaert\" \/>\n<meta property=\"article:modified_time\" content=\"2025-04-22T14:04:44+00:00\" \/>\n<meta property=\"og:image\" content=\"https:\/\/laurie-tetaert.fr\/wp-content\/plugins\/wpforms-lite\/assets\/images\/submit-spin.svg\" \/>\n<meta name=\"twitter:card\" content=\"summary_large_image\" \/>\n<meta name=\"twitter:label1\" content=\"Dur\u00e9e de lecture estim\u00e9e\" \/>\n\t<meta name=\"twitter:data1\" content=\"1 minute\" \/>\n<script type=\"application\/ld+json\" class=\"yoast-schema-graph\">{\"@context\":\"https:\\\/\\\/schema.org\",\"@graph\":[{\"@type\":\"WebPage\",\"@id\":\"https:\\\/\\\/laurie-tetaert.fr\\\/index.php\\\/contact\\\/\",\"url\":\"https:\\\/\\\/laurie-tetaert.fr\\\/index.php\\\/contact\\\/\",\"name\":\"Contact - Laurie Tetaert\",\"isPartOf\":{\"@id\":\"https:\\\/\\\/laurie-tetaert.fr\\\/#website\"},\"primaryImageOfPage\":{\"@id\":\"https:\\\/\\\/laurie-tetaert.fr\\\/index.php\\\/contact\\\/#primaryimage\"},\"image\":{\"@id\":\"https:\\\/\\\/laurie-tetaert.fr\\\/index.php\\\/contact\\\/#primaryimage\"},\"thumbnailUrl\":\"https:\\\/\\\/laurie-tetaert.fr\\\/wp-content\\\/plugins\\\/wpforms-lite\\\/assets\\\/images\\\/submit-spin.svg\",\"datePublished\":\"2025-03-17T14:38:45+00:00\",\"dateModified\":\"2025-04-22T14:04:44+00:00\",\"breadcrumb\":{\"@id\":\"https:\\\/\\\/laurie-tetaert.fr\\\/index.php\\\/contact\\\/#breadcrumb\"},\"inLanguage\":\"fr-FR\",\"potentialAction\":[{\"@type\":\"ReadAction\",\"target\":[\"https:\\\/\\\/laurie-tetaert.fr\\\/index.php\\\/contact\\\/\"]}]},{\"@type\":\"ImageObject\",\"inLanguage\":\"fr-FR\",\"@id\":\"https:\\\/\\\/laurie-tetaert.fr\\\/index.php\\\/contact\\\/#primaryimage\",\"url\":\"https:\\\/\\\/laurie-tetaert.fr\\\/wp-content\\\/plugins\\\/wpforms-lite\\\/assets\\\/images\\\/submit-spin.svg\",\"contentUrl\":\"https:\\\/\\\/laurie-tetaert.fr\\\/wp-content\\\/plugins\\\/wpforms-lite\\\/assets\\\/images\\\/submit-spin.svg\"},{\"@type\":\"BreadcrumbList\",\"@id\":\"https:\\\/\\\/laurie-tetaert.fr\\\/index.php\\\/contact\\\/#breadcrumb\",\"itemListElement\":[{\"@type\":\"ListItem\",\"position\":1,\"name\":\"Accueil\",\"item\":\"https:\\\/\\\/laurie-tetaert.fr\\\/\"},{\"@type\":\"ListItem\",\"position\":2,\"name\":\"Contact\"}]},{\"@type\":\"WebSite\",\"@id\":\"https:\\\/\\\/laurie-tetaert.fr\\\/#website\",\"url\":\"https:\\\/\\\/laurie-tetaert.fr\\\/\",\"name\":\"Laurie Tetaert\",\"description\":\"Un site utilisant WordPress\",\"potentialAction\":[{\"@type\":\"SearchAction\",\"target\":{\"@type\":\"EntryPoint\",\"urlTemplate\":\"https:\\\/\\\/laurie-tetaert.fr\\\/?s={search_term_string}\"},\"query-input\":{\"@type\":\"PropertyValueSpecification\",\"valueRequired\":true,\"valueName\":\"search_term_string\"}}],\"inLanguage\":\"fr-FR\"}]}<\/script>\n<!-- \/ Yoast SEO plugin. -->","yoast_head_json":{"title":"Contact - Laurie Tetaert","robots":{"index":"index","follow":"follow","max-snippet":"max-snippet:-1","max-image-preview":"max-image-preview:large","max-video-preview":"max-video-preview:-1"},"canonical":"https:\/\/laurie-tetaert.fr\/index.php\/contact\/","og_locale":"fr_FR","og_type":"article","og_title":"Contact - Laurie Tetaert","og_description":"CONTACT Vous \u00eates \u00e0 la recherche d\u2019une alternante en communication ? Passionn\u00e9e, curieuse et motiv\u00e9e, je suis disponible pour int\u00e9grer une \u00e9quipe dynamique et contribuer \u00e0 vos projets avec cr\u00e9ativit\u00e9 et professionnalisme. Je suis actuellement en recherche d\u2019une alternance dans le domaine de la communication, d\u00e8s Septembre 2025, pour allier apprentissage concret et implication sur [&hellip;]","og_url":"https:\/\/laurie-tetaert.fr\/index.php\/contact\/","og_site_name":"Laurie Tetaert","article_modified_time":"2025-04-22T14:04:44+00:00","og_image":[{"url":"https:\/\/laurie-tetaert.fr\/wp-content\/plugins\/wpforms-lite\/assets\/images\/submit-spin.svg","type":"","width":"","height":""}],"twitter_card":"summary_large_image","twitter_misc":{"Dur\u00e9e de lecture estim\u00e9e":"1 minute"},"schema":{"@context":"https:\/\/schema.org","@graph":[{"@type":"WebPage","@id":"https:\/\/laurie-tetaert.fr\/index.php\/contact\/","url":"https:\/\/laurie-tetaert.fr\/index.php\/contact\/","name":"Contact - Laurie Tetaert","isPartOf":{"@id":"https:\/\/laurie-tetaert.fr\/#website"},"primaryImageOfPage":{"@id":"https:\/\/laurie-tetaert.fr\/index.php\/contact\/#primaryimage"},"image":{"@id":"https:\/\/laurie-tetaert.fr\/index.php\/contact\/#primaryimage"},"thumbnailUrl":"https:\/\/laurie-tetaert.fr\/wp-content\/plugins\/wpforms-lite\/assets\/images\/submit-spin.svg","datePublished":"2025-03-17T14:38:45+00:00","dateModified":"2025-04-22T14:04:44+00:00","breadcrumb":{"@id":"https:\/\/laurie-tetaert.fr\/index.php\/contact\/#breadcrumb"},"inLanguage":"fr-FR","potentialAction":[{"@type":"ReadAction","target":["https:\/\/laurie-tetaert.fr\/index.php\/contact\/"]}]},{"@type":"ImageObject","inLanguage":"fr-FR","@id":"https:\/\/laurie-tetaert.fr\/index.php\/contact\/#primaryimage","url":"https:\/\/laurie-tetaert.fr\/wp-content\/plugins\/wpforms-lite\/assets\/images\/submit-spin.svg","contentUrl":"https:\/\/laurie-tetaert.fr\/wp-content\/plugins\/wpforms-lite\/assets\/images\/submit-spin.svg"},{"@type":"BreadcrumbList","@id":"https:\/\/laurie-tetaert.fr\/index.php\/contact\/#breadcrumb","itemListElement":[{"@type":"ListItem","position":1,"name":"Accueil","item":"https:\/\/laurie-tetaert.fr\/"},{"@type":"ListItem","position":2,"name":"Contact"}]},{"@type":"WebSite","@id":"https:\/\/laurie-tetaert.fr\/#website","url":"https:\/\/laurie-tetaert.fr\/","name":"Laurie Tetaert","description":"Un site utilisant WordPress","potentialAction":[{"@type":"SearchAction","target":{"@type":"EntryPoint","urlTemplate":"https:\/\/laurie-tetaert.fr\/?s={search_term_string}"},"query-input":{"@type":"PropertyValueSpecification","valueRequired":true,"valueName":"search_term_string"}}],"inLanguage":"fr-FR"}]}},"_links":{"self":[{"href":"https:\/\/laurie-tetaert.fr\/index.php\/wp-json\/wp\/v2\/pages\/266","targetHints":{"allow":["GET"]}}],"collection":[{"href":"https:\/\/laurie-tetaert.fr\/index.php\/wp-json\/wp\/v2\/pages"}],"about":[{"href":"https:\/\/laurie-tetaert.fr\/index.php\/wp-json\/wp\/v2\/types\/page"}],"author":[{"embeddable":true,"href":"https:\/\/laurie-tetaert.fr\/index.php\/wp-json\/wp\/v2\/users\/2"}],"replies":[{"embeddable":true,"href":"https:\/\/laurie-tetaert.fr\/index.php\/wp-json\/wp\/v2\/comments?post=266"}],"version-history":[{"count":16,"href":"https:\/\/laurie-tetaert.fr\/index.php\/wp-json\/wp\/v2\/pages\/266\/revisions"}],"predecessor-version":[{"id":886,"href":"https:\/\/laurie-tetaert.fr\/index.php\/wp-json\/wp\/v2\/pages\/266\/revisions\/886"}],"wp:attachment":[{"href":"https:\/\/laurie-tetaert.fr\/index.php\/wp-json\/wp\/v2\/media?parent=266"}],"curies":[{"name":"wp","href":"https:\/\/api.w.org\/{rel}","templated":true}]}}